{"id":546,"date":"2020-10-13T02:48:45","date_gmt":"2020-10-13T02:48:45","guid":{"rendered":"http:\/\/localhost\/razzi\/?page_id=546"},"modified":"2026-04-13T14:39:56","modified_gmt":"2026-04-13T11:39:56","slug":"fraktvilkar","status":"publish","type":"page","link":"https:\/\/tokyoname.com\/no\/fraktvilkar\/","title":{"rendered":"Fraktvilk\u00e5r"},"content":{"rendered":"\n<p>V\u00e5rt m\u00e5l er \u00e5 tilby deg de beste fraktalternativene, uansett hvor du bor. Vi sender varer til hundrevis av kunder over hele verden hver dag, og streber etter \u00e5 gi deg service av h\u00f8yeste kvalitet.<\/p>\n\n\n\n<p>Leveringstiden for en bestilling er delt inn i to deler:<br>Behandlingstid: 1\u20133 dager<br>Frakttid: 5\u201310 dager<br>Fraktmetoder: Avhengig av land leveres pakkene av DHL eller lokal post<br>Fraktkostnader: 79 kr, gratis ved kj\u00f8p over 415 kr<\/p>\n\n\n\n<p><\/p>\n","protected":false},"excerpt":{"rendered":"<p>V\u00e5rt m\u00e5l er \u00e5 tilby deg de beste fraktalternativene, uansett hvor du bor. Vi sender varer til hundrevis av kunder [&hellip;]<\/p>\n","protected":false},"author":1,"featured_media":0,"parent":0,"menu_order":0,"comment_status":"closed","ping_status":"closed","template":"","meta":{"site-sidebar-layout":"default","site-content-layout":"","ast-site-content-layout":"default","site-content-style":"default","site-sidebar-style":"default","ast-global-header-display":"","ast-banner-title-visibility":"","ast-main-header-display":"","ast-hfb-above-header-display":"","ast-hfb-below-header-display":"","ast-hfb-mobile-header-display":"","site-post-title":"","ast-breadcrumbs-content":"","ast-featured-img":"","footer-sml-layout":"","theme-transparent-header-meta":"","adv-header-id-meta":"","stick-header-meta":"","header-above-stick-meta":"","header-main-stick-meta":"","header-below-stick-meta":"","astra-migrate-meta-layouts":"default","ast-page-background-enabled":"default","ast-page-background-meta":{"desktop":{"background-color":"var(--ast-global-color-5)","background-image":"","background-repeat":"repeat","background-position":"center center","background-size":"auto","background-attachment":"scroll","background-type":"","background-media":"","overlay-type":"","overlay-color":"","overlay-opacity":"","overlay-gradient":""},"tablet":{"background-color":"","background-image":"","background-repeat":"repeat","background-position":"center center","background-size":"auto","background-attachment":"scroll","background-type":"","background-media":"","overlay-type":"","overlay-color":"","overlay-opacity":"","overlay-gradient":""},"mobile":{"background-color":"","background-image":"","background-repeat":"repeat","background-position":"center center","background-size":"auto","background-attachment":"scroll","background-type":"","background-media":"","overlay-type":"","overlay-color":"","overlay-opacity":"","overlay-gradient":""}},"ast-content-background-meta":{"desktop":{"background-color":"var(--ast-global-color-4)","background-image":"","background-repeat":"repeat","background-position":"center center","background-size":"auto","background-attachment":"scroll","background-type":"","background-media":"","overlay-type":"","overlay-color":"","overlay-opacity":"","overlay-gradient":""},"tablet":{"background-color":"var(--ast-global-color-4)","background-image":"","background-repeat":"repeat","background-position":"center center","background-size":"auto","background-attachment":"scroll","background-type":"","background-media":"","overlay-type":"","overlay-color":"","overlay-opacity":"","overlay-gradient":""},"mobile":{"background-color":"var(--ast-global-color-4)","background-image":"","background-repeat":"repeat","background-position":"center center","background-size":"auto","background-attachment":"scroll","background-type":"","background-media":"","overlay-type":"","overlay-color":"","overlay-opacity":"","overlay-gradient":""}},"footnotes":""},"class_list":["post-546","page","type-page","status-publish","hentry"],"yoast_head":"<!-- This site is optimized with the Yoast SEO plugin v26.6 - https:\/\/yoast.com\/wordpress\/plugins\/seo\/ -->\n<title>Fraktvilk\u00e5r - TokyoName NO<\/title>\n<meta name=\"robots\" content=\"index, follow, max-snippet:-1, max-image-preview:large, max-video-preview:-1\" \/>\n<link rel=\"canonical\" href=\"https:\/\/tokyoname.com\/no\/fraktvilkar\/\" \/>\n<meta property=\"og:locale\" content=\"nb_NO\" \/>\n<meta property=\"og:type\" content=\"article\" \/>\n<meta property=\"og:title\" content=\"Fraktvilk\u00e5r - TokyoName NO\" \/>\n<meta property=\"og:description\" content=\"V\u00e5rt m\u00e5l er \u00e5 tilby deg de beste fraktalternativene, uansett hvor du bor. Vi sender varer til hundrevis av kunder [&hellip;]\" \/>\n<meta property=\"og:url\" content=\"https:\/\/tokyoname.com\/no\/fraktvilkar\/\" \/>\n<meta property=\"og:site_name\" content=\"TokyoName NO\" \/>\n<meta property=\"article:modified_time\" content=\"2026-04-13T11:39:56+00:00\" \/>\n<meta name=\"twitter:card\" content=\"summary_large_image\" \/>\n<meta name=\"twitter:label1\" content=\"Ansl. lesetid\" \/>\n\t<meta name=\"twitter:data1\" content=\"1 minutt\" \/>\n<script type=\"application\/ld+json\" class=\"yoast-schema-graph\">{\"@context\":\"https:\/\/schema.org\",\"@graph\":[{\"@type\":\"WebPage\",\"@id\":\"https:\/\/tokyoname.com\/no\/fraktvilkar\/\",\"url\":\"https:\/\/tokyoname.com\/no\/fraktvilkar\/\",\"name\":\"Fraktvilk\u00e5r - TokyoName NO\",\"isPartOf\":{\"@id\":\"https:\/\/tokyoname.com\/no\/#website\"},\"datePublished\":\"2020-10-13T02:48:45+00:00\",\"dateModified\":\"2026-04-13T11:39:56+00:00\",\"breadcrumb\":{\"@id\":\"https:\/\/tokyoname.com\/no\/fraktvilkar\/#breadcrumb\"},\"inLanguage\":\"nb-NO\",\"potentialAction\":[{\"@type\":\"ReadAction\",\"target\":[\"https:\/\/tokyoname.com\/no\/fraktvilkar\/\"]}]},{\"@type\":\"BreadcrumbList\",\"@id\":\"https:\/\/tokyoname.com\/no\/fraktvilkar\/#breadcrumb\",\"itemListElement\":[{\"@type\":\"ListItem\",\"position\":1,\"name\":\"Home\",\"item\":\"https:\/\/tokyoname.com\/no\/\"},{\"@type\":\"ListItem\",\"position\":2,\"name\":\"Fraktvilk\u00e5r\"}]},{\"@type\":\"WebSite\",\"@id\":\"https:\/\/tokyoname.com\/no\/#website\",\"url\":\"https:\/\/tokyoname.com\/no\/\",\"name\":\"TokyoName NO\",\"description\":\"\",\"publisher\":{\"@id\":\"https:\/\/tokyoname.com\/no\/#organization\"},\"potentialAction\":[{\"@type\":\"SearchAction\",\"target\":{\"@type\":\"EntryPoint\",\"urlTemplate\":\"https:\/\/tokyoname.com\/no\/?s={search_term_string}\"},\"query-input\":{\"@type\":\"PropertyValueSpecification\",\"valueRequired\":true,\"valueName\":\"search_term_string\"}}],\"inLanguage\":\"nb-NO\"},{\"@type\":\"Organization\",\"@id\":\"https:\/\/tokyoname.com\/no\/#organization\",\"name\":\"Mekulo\",\"url\":\"https:\/\/tokyoname.com\/no\/\",\"logo\":{\"@type\":\"ImageObject\",\"inLanguage\":\"nb-NO\",\"@id\":\"https:\/\/tokyoname.com\/no\/#\/schema\/logo\/image\/\",\"url\":\"https:\/\/tokyoname.com\/template\/wp-content\/uploads\/sites\/14\/2025\/12\/favicon_mekulo.png\",\"contentUrl\":\"https:\/\/tokyoname.com\/template\/wp-content\/uploads\/sites\/14\/2025\/12\/favicon_mekulo.png\",\"width\":50,\"height\":50,\"caption\":\"Mekulo\"},\"image\":{\"@id\":\"https:\/\/tokyoname.com\/no\/#\/schema\/logo\/image\/\"}}]}<\/script>\n<!-- \/ Yoast SEO plugin. -->","yoast_head_json":{"title":"Fraktvilk\u00e5r - TokyoName NO","robots":{"index":"index","follow":"follow","max-snippet":"max-snippet:-1","max-image-preview":"max-image-preview:large","max-video-preview":"max-video-preview:-1"},"canonical":"https:\/\/tokyoname.com\/no\/fraktvilkar\/","og_locale":"nb_NO","og_type":"article","og_title":"Fraktvilk\u00e5r - TokyoName NO","og_description":"V\u00e5rt m\u00e5l er \u00e5 tilby deg de beste fraktalternativene, uansett hvor du bor. Vi sender varer til hundrevis av kunder [&hellip;]","og_url":"https:\/\/tokyoname.com\/no\/fraktvilkar\/","og_site_name":"TokyoName NO","article_modified_time":"2026-04-13T11:39:56+00:00","twitter_card":"summary_large_image","twitter_misc":{"Ansl. lesetid":"1 minutt"},"schema":{"@context":"https:\/\/schema.org","@graph":[{"@type":"WebPage","@id":"https:\/\/tokyoname.com\/no\/fraktvilkar\/","url":"https:\/\/tokyoname.com\/no\/fraktvilkar\/","name":"Fraktvilk\u00e5r - TokyoName NO","isPartOf":{"@id":"https:\/\/tokyoname.com\/no\/#website"},"datePublished":"2020-10-13T02:48:45+00:00","dateModified":"2026-04-13T11:39:56+00:00","breadcrumb":{"@id":"https:\/\/tokyoname.com\/no\/fraktvilkar\/#breadcrumb"},"inLanguage":"nb-NO","potentialAction":[{"@type":"ReadAction","target":["https:\/\/tokyoname.com\/no\/fraktvilkar\/"]}]},{"@type":"BreadcrumbList","@id":"https:\/\/tokyoname.com\/no\/fraktvilkar\/#breadcrumb","itemListElement":[{"@type":"ListItem","position":1,"name":"Home","item":"https:\/\/tokyoname.com\/no\/"},{"@type":"ListItem","position":2,"name":"Fraktvilk\u00e5r"}]},{"@type":"WebSite","@id":"https:\/\/tokyoname.com\/no\/#website","url":"https:\/\/tokyoname.com\/no\/","name":"TokyoName NO","description":"","publisher":{"@id":"https:\/\/tokyoname.com\/no\/#organization"},"potentialAction":[{"@type":"SearchAction","target":{"@type":"EntryPoint","urlTemplate":"https:\/\/tokyoname.com\/no\/?s={search_term_string}"},"query-input":{"@type":"PropertyValueSpecification","valueRequired":true,"valueName":"search_term_string"}}],"inLanguage":"nb-NO"},{"@type":"Organization","@id":"https:\/\/tokyoname.com\/no\/#organization","name":"Mekulo","url":"https:\/\/tokyoname.com\/no\/","logo":{"@type":"ImageObject","inLanguage":"nb-NO","@id":"https:\/\/tokyoname.com\/no\/#\/schema\/logo\/image\/","url":"https:\/\/tokyoname.com\/template\/wp-content\/uploads\/sites\/14\/2025\/12\/favicon_mekulo.png","contentUrl":"https:\/\/tokyoname.com\/template\/wp-content\/uploads\/sites\/14\/2025\/12\/favicon_mekulo.png","width":50,"height":50,"caption":"Mekulo"},"image":{"@id":"https:\/\/tokyoname.com\/no\/#\/schema\/logo\/image\/"}}]}},"_links":{"self":[{"href":"https:\/\/tokyoname.com\/no\/wp-json\/wp\/v2\/pages\/546","targetHints":{"allow":["GET"]}}],"collection":[{"href":"https:\/\/tokyoname.com\/no\/wp-json\/wp\/v2\/pages"}],"about":[{"href":"https:\/\/tokyoname.com\/no\/wp-json\/wp\/v2\/types\/page"}],"author":[{"embeddable":true,"href":"https:\/\/tokyoname.com\/no\/wp-json\/wp\/v2\/users\/1"}],"replies":[{"embeddable":true,"href":"https:\/\/tokyoname.com\/no\/wp-json\/wp\/v2\/comments?post=546"}],"version-history":[{"count":26,"href":"https:\/\/tokyoname.com\/no\/wp-json\/wp\/v2\/pages\/546\/revisions"}],"predecessor-version":[{"id":21639,"href":"https:\/\/tokyoname.com\/no\/wp-json\/wp\/v2\/pages\/546\/revisions\/21639"}],"wp:attachment":[{"href":"https:\/\/tokyoname.com\/no\/wp-json\/wp\/v2\/media?parent=546"}],"curies":[{"name":"wp","href":"https:\/\/api.w.org\/{rel}","templated":true}]}}