{"id":21669,"date":"2026-04-13T17:46:28","date_gmt":"2026-04-13T14:46:28","guid":{"rendered":"https:\/\/tokyoname.com\/se\/?page_id=21669"},"modified":"2026-04-13T17:46:30","modified_gmt":"2026-04-13T14:46:30","slug":"leveransvillkor","status":"publish","type":"page","link":"https:\/\/tokyoname.com\/se\/leveransvillkor\/","title":{"rendered":"Leveransvillkor"},"content":{"rendered":"\n<p>V\u00e5rt m\u00e5l \u00e4r att erbjuda dig de b\u00e4sta fraktalternativen, oavsett var du bor. Vi skickar varor till hundratals kunder \u00f6ver hela v\u00e4rlden varje dag och str\u00e4var efter att ge dig service av h\u00f6gsta kvalitet.<\/p>\n\n\n\n<p>Leveranstiden f\u00f6r en best\u00e4llning \u00e4r uppdelad i tv\u00e5 delar:<\/p>\n\n\n\n<p>Handl\u00e4ggningstid: 1\u20133 dagar<\/p>\n\n\n\n<p>Leveranstid: 5\u201310 dagar<\/p>\n\n\n\n<p>Fraktmetoder: Beroende p\u00e5 land levereras paketen av PostNord eller lokal post<\/p>\n\n\n\n<p>Fraktkostnader: 59 kr, gratis vid k\u00f6p \u00f6ver 400 kr<\/p>\n","protected":false},"excerpt":{"rendered":"<p>V\u00e5rt m\u00e5l \u00e4r att erbjuda dig de b\u00e4sta fraktalternativen, oavsett var du bor. Vi skickar varor till hundratals kunder \u00f6ver [&hellip;]<\/p>\n","protected":false},"author":5,"featured_media":0,"parent":0,"menu_order":0,"comment_status":"closed","ping_status":"closed","template":"","meta":{"site-sidebar-layout":"default","site-content-layout":"","ast-site-content-layout":"default","site-content-style":"default","site-sidebar-style":"default","ast-global-header-display":"","ast-banner-title-visibility":"","ast-main-header-display":"","ast-hfb-above-header-display":"","ast-hfb-below-header-display":"","ast-hfb-mobile-header-display":"","site-post-title":"","ast-breadcrumbs-content":"","ast-featured-img":"","footer-sml-layout":"","theme-transparent-header-meta":"","adv-header-id-meta":"","stick-header-meta":"","header-above-stick-meta":"","header-main-stick-meta":"","header-below-stick-meta":"","astra-migrate-meta-layouts":"default","ast-page-background-enabled":"default","ast-page-background-meta":{"desktop":{"background-color":"var(--ast-global-color-5)","background-image":"","background-repeat":"repeat","background-position":"center center","background-size":"auto","background-attachment":"scroll","background-type":"","background-media":"","overlay-type":"","overlay-color":"","overlay-opacity":"","overlay-gradient":""},"tablet":{"background-color":"","background-image":"","background-repeat":"repeat","background-position":"center center","background-size":"auto","background-attachment":"scroll","background-type":"","background-media":"","overlay-type":"","overlay-color":"","overlay-opacity":"","overlay-gradient":""},"mobile":{"background-color":"","background-image":"","background-repeat":"repeat","background-position":"center center","background-size":"auto","background-attachment":"scroll","background-type":"","background-media":"","overlay-type":"","overlay-color":"","overlay-opacity":"","overlay-gradient":""}},"ast-content-background-meta":{"desktop":{"background-color":"var(--ast-global-color-4)","background-image":"","background-repeat":"repeat","background-position":"center center","background-size":"auto","background-attachment":"scroll","background-type":"","background-media":"","overlay-type":"","overlay-color":"","overlay-opacity":"","overlay-gradient":""},"tablet":{"background-color":"var(--ast-global-color-4)","background-image":"","background-repeat":"repeat","background-position":"center center","background-size":"auto","background-attachment":"scroll","background-type":"","background-media":"","overlay-type":"","overlay-color":"","overlay-opacity":"","overlay-gradient":""},"mobile":{"background-color":"var(--ast-global-color-4)","background-image":"","background-repeat":"repeat","background-position":"center center","background-size":"auto","background-attachment":"scroll","background-type":"","background-media":"","overlay-type":"","overlay-color":"","overlay-opacity":"","overlay-gradient":""}},"footnotes":""},"class_list":["post-21669","page","type-page","status-publish","hentry"],"yoast_head":"<!-- This site is optimized with the Yoast SEO plugin v26.6 - https:\/\/yoast.com\/wordpress\/plugins\/seo\/ -->\n<title>Leveransvillkor - TokyoName SE<\/title>\n<meta name=\"robots\" content=\"index, follow, max-snippet:-1, max-image-preview:large, max-video-preview:-1\" \/>\n<link rel=\"canonical\" href=\"https:\/\/tokyoname.com\/se\/leveransvillkor\/\" \/>\n<meta property=\"og:locale\" content=\"sv_SE\" \/>\n<meta property=\"og:type\" content=\"article\" \/>\n<meta property=\"og:title\" content=\"Leveransvillkor - TokyoName SE\" \/>\n<meta property=\"og:description\" content=\"V\u00e5rt m\u00e5l \u00e4r att erbjuda dig de b\u00e4sta fraktalternativen, oavsett var du bor. Vi skickar varor till hundratals kunder \u00f6ver [&hellip;]\" \/>\n<meta property=\"og:url\" content=\"https:\/\/tokyoname.com\/se\/leveransvillkor\/\" \/>\n<meta property=\"og:site_name\" content=\"TokyoName SE\" \/>\n<meta property=\"article:modified_time\" content=\"2026-04-13T14:46:30+00:00\" \/>\n<meta name=\"twitter:card\" content=\"summary_large_image\" \/>\n<script type=\"application\/ld+json\" class=\"yoast-schema-graph\">{\"@context\":\"https:\/\/schema.org\",\"@graph\":[{\"@type\":\"WebPage\",\"@id\":\"https:\/\/tokyoname.com\/se\/leveransvillkor\/\",\"url\":\"https:\/\/tokyoname.com\/se\/leveransvillkor\/\",\"name\":\"Leveransvillkor - TokyoName SE\",\"isPartOf\":{\"@id\":\"https:\/\/tokyoname.com\/se\/#website\"},\"datePublished\":\"2026-04-13T14:46:28+00:00\",\"dateModified\":\"2026-04-13T14:46:30+00:00\",\"breadcrumb\":{\"@id\":\"https:\/\/tokyoname.com\/se\/leveransvillkor\/#breadcrumb\"},\"inLanguage\":\"sv-SE\",\"potentialAction\":[{\"@type\":\"ReadAction\",\"target\":[\"https:\/\/tokyoname.com\/se\/leveransvillkor\/\"]}]},{\"@type\":\"BreadcrumbList\",\"@id\":\"https:\/\/tokyoname.com\/se\/leveransvillkor\/#breadcrumb\",\"itemListElement\":[{\"@type\":\"ListItem\",\"position\":1,\"name\":\"Home\",\"item\":\"https:\/\/tokyoname.com\/se\/\"},{\"@type\":\"ListItem\",\"position\":2,\"name\":\"Leveransvillkor\"}]},{\"@type\":\"WebSite\",\"@id\":\"https:\/\/tokyoname.com\/se\/#website\",\"url\":\"https:\/\/tokyoname.com\/se\/\",\"name\":\"TokyoName SE\",\"description\":\"\",\"publisher\":{\"@id\":\"https:\/\/tokyoname.com\/se\/#organization\"},\"potentialAction\":[{\"@type\":\"SearchAction\",\"target\":{\"@type\":\"EntryPoint\",\"urlTemplate\":\"https:\/\/tokyoname.com\/se\/?s={search_term_string}\"},\"query-input\":{\"@type\":\"PropertyValueSpecification\",\"valueRequired\":true,\"valueName\":\"search_term_string\"}}],\"inLanguage\":\"sv-SE\"},{\"@type\":\"Organization\",\"@id\":\"https:\/\/tokyoname.com\/se\/#organization\",\"name\":\"Mekulo\",\"url\":\"https:\/\/tokyoname.com\/se\/\",\"logo\":{\"@type\":\"ImageObject\",\"inLanguage\":\"sv-SE\",\"@id\":\"https:\/\/tokyoname.com\/se\/#\/schema\/logo\/image\/\",\"url\":\"https:\/\/tokyoname.com\/template\/wp-content\/uploads\/sites\/15\/2025\/12\/favicon_mekulo.png\",\"contentUrl\":\"https:\/\/tokyoname.com\/template\/wp-content\/uploads\/sites\/15\/2025\/12\/favicon_mekulo.png\",\"width\":50,\"height\":50,\"caption\":\"Mekulo\"},\"image\":{\"@id\":\"https:\/\/tokyoname.com\/se\/#\/schema\/logo\/image\/\"}}]}<\/script>\n<!-- \/ Yoast SEO plugin. -->","yoast_head_json":{"title":"Leveransvillkor - TokyoName SE","robots":{"index":"index","follow":"follow","max-snippet":"max-snippet:-1","max-image-preview":"max-image-preview:large","max-video-preview":"max-video-preview:-1"},"canonical":"https:\/\/tokyoname.com\/se\/leveransvillkor\/","og_locale":"sv_SE","og_type":"article","og_title":"Leveransvillkor - TokyoName SE","og_description":"V\u00e5rt m\u00e5l \u00e4r att erbjuda dig de b\u00e4sta fraktalternativen, oavsett var du bor. Vi skickar varor till hundratals kunder \u00f6ver [&hellip;]","og_url":"https:\/\/tokyoname.com\/se\/leveransvillkor\/","og_site_name":"TokyoName SE","article_modified_time":"2026-04-13T14:46:30+00:00","twitter_card":"summary_large_image","schema":{"@context":"https:\/\/schema.org","@graph":[{"@type":"WebPage","@id":"https:\/\/tokyoname.com\/se\/leveransvillkor\/","url":"https:\/\/tokyoname.com\/se\/leveransvillkor\/","name":"Leveransvillkor - TokyoName SE","isPartOf":{"@id":"https:\/\/tokyoname.com\/se\/#website"},"datePublished":"2026-04-13T14:46:28+00:00","dateModified":"2026-04-13T14:46:30+00:00","breadcrumb":{"@id":"https:\/\/tokyoname.com\/se\/leveransvillkor\/#breadcrumb"},"inLanguage":"sv-SE","potentialAction":[{"@type":"ReadAction","target":["https:\/\/tokyoname.com\/se\/leveransvillkor\/"]}]},{"@type":"BreadcrumbList","@id":"https:\/\/tokyoname.com\/se\/leveransvillkor\/#breadcrumb","itemListElement":[{"@type":"ListItem","position":1,"name":"Home","item":"https:\/\/tokyoname.com\/se\/"},{"@type":"ListItem","position":2,"name":"Leveransvillkor"}]},{"@type":"WebSite","@id":"https:\/\/tokyoname.com\/se\/#website","url":"https:\/\/tokyoname.com\/se\/","name":"TokyoName SE","description":"","publisher":{"@id":"https:\/\/tokyoname.com\/se\/#organization"},"potentialAction":[{"@type":"SearchAction","target":{"@type":"EntryPoint","urlTemplate":"https:\/\/tokyoname.com\/se\/?s={search_term_string}"},"query-input":{"@type":"PropertyValueSpecification","valueRequired":true,"valueName":"search_term_string"}}],"inLanguage":"sv-SE"},{"@type":"Organization","@id":"https:\/\/tokyoname.com\/se\/#organization","name":"Mekulo","url":"https:\/\/tokyoname.com\/se\/","logo":{"@type":"ImageObject","inLanguage":"sv-SE","@id":"https:\/\/tokyoname.com\/se\/#\/schema\/logo\/image\/","url":"https:\/\/tokyoname.com\/template\/wp-content\/uploads\/sites\/15\/2025\/12\/favicon_mekulo.png","contentUrl":"https:\/\/tokyoname.com\/template\/wp-content\/uploads\/sites\/15\/2025\/12\/favicon_mekulo.png","width":50,"height":50,"caption":"Mekulo"},"image":{"@id":"https:\/\/tokyoname.com\/se\/#\/schema\/logo\/image\/"}}]}},"_links":{"self":[{"href":"https:\/\/tokyoname.com\/se\/wp-json\/wp\/v2\/pages\/21669","targetHints":{"allow":["GET"]}}],"collection":[{"href":"https:\/\/tokyoname.com\/se\/wp-json\/wp\/v2\/pages"}],"about":[{"href":"https:\/\/tokyoname.com\/se\/wp-json\/wp\/v2\/types\/page"}],"author":[{"embeddable":true,"href":"https:\/\/tokyoname.com\/se\/wp-json\/wp\/v2\/users\/5"}],"replies":[{"embeddable":true,"href":"https:\/\/tokyoname.com\/se\/wp-json\/wp\/v2\/comments?post=21669"}],"version-history":[{"count":1,"href":"https:\/\/tokyoname.com\/se\/wp-json\/wp\/v2\/pages\/21669\/revisions"}],"predecessor-version":[{"id":21670,"href":"https:\/\/tokyoname.com\/se\/wp-json\/wp\/v2\/pages\/21669\/revisions\/21670"}],"wp:attachment":[{"href":"https:\/\/tokyoname.com\/se\/wp-json\/wp\/v2\/media?parent=21669"}],"curies":[{"name":"wp","href":"https:\/\/api.w.org\/{rel}","templated":true}]}}