{"id":21540,"date":"2026-04-01T09:05:53","date_gmt":"2026-04-01T06:05:53","guid":{"rendered":"https:\/\/nestavio.com\/se\/?post_type=product&#038;p=21540"},"modified":"2026-04-16T16:28:40","modified_gmt":"2026-04-16T13:28:40","slug":"graverat-japanskt-halsband","status":"publish","type":"product","link":"https:\/\/tokyoname.com\/se\/produkt\/graverat-japanskt-halsband\/","title":{"rendered":"Graverat Japanskt Halsband"},"content":{"rendered":"<div class=\"flex flex-col text-sm pb-25\">\n<section class=\"text-token-text-primary w-full focus:outline-none [--shadow-height:45px] has-data-writing-block:pointer-events-none has-data-writing-block:-mt-(--shadow-height) has-data-writing-block:pt-(--shadow-height) [&amp;:has([data-writing-block])&gt;*]:pointer-events-auto scroll-mt-[calc(var(--header-height)+min(200px,max(70px,20svh)))]\" dir=\"auto\" data-turn-id=\"request-WEB:b30fa43e-dcff-431e-ad38-18ce9d7f7269-4\" data-testid=\"conversation-turn-4\" data-scroll-anchor=\"true\" data-turn=\"assistant\">\n<div class=\"text-base my-auto mx-auto pb-10 [--thread-content-margin:var(--thread-content-margin-xs,calc(var(--spacing)*4))] @w-sm\/main:[--thread-content-margin:var(--thread-content-margin-sm,calc(var(--spacing)*6))] @w-lg\/main:[--thread-content-margin:var(--thread-content-margin-lg,calc(var(--spacing)*16))] px-(--thread-content-margin)\">\n<div class=\"[--thread-content-max-width:40rem] @w-lg\/main:[--thread-content-max-width:48rem] mx-auto max-w-(--thread-content-max-width) flex-1 group\/turn-messages focus-visible:outline-hidden relative flex w-full min-w-0 flex-col agent-turn\">\n<div class=\"flex max-w-full flex-col gap-4 grow\">\n<div class=\"min-h-8 text-message relative flex w-full flex-col items-end gap-2 text-start break-words whitespace-normal outline-none keyboard-focused:focus-ring [.text-message+&amp;]:mt-1\" dir=\"auto\" data-message-author-role=\"assistant\" data-message-id=\"cd2d966c-afda-45ec-a0ab-ff63e91b4484\" data-message-model-slug=\"gpt-5-3\" data-turn-start-message=\"true\">\n<div class=\"flex w-full flex-col gap-1 empty:hidden\">\n<div class=\"markdown prose dark:prose-invert w-full wrap-break-word light markdown-new-styling\">\n<h2 style=\"text-align: center;\" data-start=\"0\" data-end=\"122\">\u2728 <strong data-start=\"2\" data-end=\"12\">L\u00f6ftet<\/strong><\/h2>\n<p style=\"text-align: center;\" data-start=\"0\" data-end=\"122\">Tidl\u00f6s elegans med en personlig touch.<br data-start=\"53\" data-end=\"56\" \/>Ett halsband som b\u00e4r mening \u2013 stilrent, maskulint och alltid r\u00e4tt.<\/p>\n<p style=\"text-align: center;\" data-start=\"0\" data-end=\"122\"><img fetchpriority=\"high\" decoding=\"async\" class=\"aligncenter wp-image-21544\" src=\"https:\/\/tokyoname.com\/se\/wp-content\/uploads\/sites\/15\/2026\/04\/Collier-prenom-japonais-argent_1d2ee163-84f5-4c72-98a0-e0ba93181dd4.jpg\" alt=\"\" width=\"500\" height=\"500\" \/><\/p>\n<h2 style=\"text-align: center;\" data-start=\"129\" data-end=\"148\">\u2705 <strong data-start=\"131\" data-end=\"148\">Huvudf\u00f6rdelar<\/strong><\/h2>\n<p style=\"text-align: left;\" data-start=\"150\" data-end=\"257\">\u2728 <strong data-start=\"152\" data-end=\"181\">Japansk-inspirerad design<\/strong> \u2013 Minimalistisk estetik som utstr\u00e5lar lugn, balans och sofistikerad stil.<\/p>\n<p style=\"text-align: left;\" data-start=\"259\" data-end=\"372\">\ud83d\udd24 <strong data-start=\"262\" data-end=\"285\">Personlig gravering<\/strong> \u2013 Skapa ett unikt smycke med symboler, namn eller budskap som betyder n\u00e5got f\u00f6r dig.<\/p>\n<p style=\"text-align: left;\" data-start=\"374\" data-end=\"459\">\ud83e\uddff <strong data-start=\"377\" data-end=\"406\">Maskulin och elegant look<\/strong> \u2013 Perfekt balans mellan styrka och subtil elegans.<\/p>\n<p style=\"text-align: left;\" data-start=\"461\" data-end=\"550\">\ud83d\udee1\ufe0f <strong data-start=\"465\" data-end=\"488\">Slitstarkt material<\/strong> \u2013 H\u00f6gkvalitativ finish som beh\u00e5ller sitt utseende \u00f6ver tid.<\/p>\n<p style=\"text-align: left;\" data-start=\"552\" data-end=\"638\">\ud83d\udca7 <strong data-start=\"555\" data-end=\"578\">Vattenresistent yta<\/strong> \u2013 Klarar vardagligt slitage och l\u00e4tta st\u00e4nk utan problem.<\/p>\n<p style=\"text-align: left;\" data-start=\"640\" data-end=\"726\">\ud83c\udfaf <strong data-start=\"643\" data-end=\"671\">Bekv\u00e4m att b\u00e4ra dagligen<\/strong> \u2013 L\u00e4tt och v\u00e4lbalanserad design f\u00f6r maximal komfort.<\/p>\n<p style=\"text-align: left;\" data-start=\"728\" data-end=\"833\">\ud83c\udf81 <strong data-start=\"731\" data-end=\"753\">Perfekt presentid\u00e9<\/strong> \u2013 En meningsfull g\u00e5va till f\u00f6delsedagar, jubileum eller speciella tillf\u00e4llen.<\/p>\n<p style=\"text-align: left;\" data-start=\"835\" data-end=\"920\">\ud83c\udf3f <strong data-start=\"838\" data-end=\"856\">M\u00e5ngsidig stil<\/strong> \u2013 Passar lika bra till vardag som till mer uppkl\u00e4dda outfits.<\/p>\n<h2 style=\"text-align: center;\" data-start=\"927\" data-end=\"950\"><img decoding=\"async\" class=\"wp-image-21548 aligncenter\" src=\"https:\/\/tokyoname.com\/se\/wp-content\/uploads\/sites\/15\/2026\/04\/collier-personnalise-grave-en-japonais.jpg\" alt=\"\" width=\"500\" height=\"500\" \/><\/h2>\n<h2 style=\"text-align: center;\" data-start=\"1232\" data-end=\"1250\">\ud83c\udf06 <strong data-start=\"1235\" data-end=\"1250\">Perfekt f\u00f6r<\/strong><\/h2>\n<ul>\n<li>Daglig anv\u00e4ndning<\/li>\n<li>Speciella tillf\u00e4llen<\/li>\n<li>G\u00e5vor med personlig betydelse<\/li>\n<li>Minimalistisk streetwear<\/li>\n<li>Formella middagar<\/li>\n<\/ul>\n<h2 style=\"text-align: center;\" data-start=\"1380\" data-end=\"1403\">\u2699\ufe0f <strong data-start=\"1383\" data-end=\"1403\">Hur man anv\u00e4nder<\/strong><\/h2>\n<ol>\n<li style=\"text-align: left;\" data-start=\"1405\" data-end=\"1578\">B\u00e4r halsbandet runt halsen som en daglig accessoar.<\/li>\n<li style=\"text-align: left;\" data-start=\"1405\" data-end=\"1578\">V\u00e4lj en gravering som speglar din personlighet eller ett minne.<\/li>\n<li style=\"text-align: left;\" data-start=\"1405\" data-end=\"1578\">Matcha enkelt med b\u00e5de casual och eleganta outfits.<\/li>\n<\/ol>\n<h2 style=\"text-align: center;\" data-start=\"1585\" data-end=\"1607\">\ud83d\udcd0 <strong data-start=\"1588\" data-end=\"1607\">Produktdetaljer<\/strong><\/h2>\n<ul>\n<li style=\"text-align: left;\" data-start=\"1609\" data-end=\"1756\">K\u00f6n: M\u00e4n<\/li>\n<li style=\"text-align: left;\" data-start=\"1609\" data-end=\"1756\">Material: Rostfritt st\u00e5l \/ legering av h\u00f6g kvalitet<\/li>\n<li style=\"text-align: left;\" data-start=\"1609\" data-end=\"1756\">Storlek: Justerbar kedjel\u00e4ngd (ca 50\u201360 cm)<\/li>\n<li style=\"text-align: left;\" data-start=\"1609\" data-end=\"1756\">Scener: Vardag, fest, resor, g\u00e5vor<\/li>\n<\/ul>\n<h2 style=\"text-align: center;\" data-start=\"1763\" data-end=\"1788\">\ud83d\udce6 <strong data-start=\"1766\" data-end=\"1788\">Paketet inneh\u00e5ller<\/strong><\/h2>\n<ul>\n<li style=\"text-align: left;\" data-start=\"1790\" data-end=\"1827\">1x graverat japanskt halsband f\u00f6r m\u00e4n<\/li>\n<\/ul>\n<\/div>\n<p data-start=\"1790\" data-end=\"1827\" data-is-last-node=\"\" data-is-only-node=\"\">\n<\/div>\n<\/div>\n<\/div>\n<div class=\"z-0 flex min-h-[46px] justify-start\" style=\"text-align: center;\"><\/div>\n<div class=\"mt-3 w-full empty:hidden\" style=\"text-align: center;\">\n<div class=\"text-center\"><\/div>\n<\/div>\n<\/div>\n<\/div>\n<\/section>\n<\/div>\n<div class=\"pointer-events-none h-px w-px absolute bottom-0\" style=\"text-align: center;\" aria-hidden=\"true\" data-edge=\"true\"><\/div>\n","protected":false},"excerpt":{"rendered":"<p>\u2728 Stilrent japanskt halsband med personlig gravering<br data-start=\"52\" data-end=\"55\" \/>\ud83d\udee1\ufe0f Slitstarkt &amp; vattenresistent material<br data-start=\"96\" data-end=\"99\" \/>\ud83c\udf81 Perfekt som personlig present<\/p>\n","protected":false},"featured_media":21551,"comment_status":"open","ping_status":"closed","template":"","meta":{"site-sidebar-layout":"default","site-content-layout":"","ast-site-content-layout":"default","site-content-style":"default","site-sidebar-style":"default","ast-global-header-display":"","ast-banner-title-visibility":"","ast-main-header-display":"","ast-hfb-above-header-display":"","ast-hfb-below-header-display":"","ast-hfb-mobile-header-display":"","site-post-title":"","ast-breadcrumbs-content":"","ast-featured-img":"","footer-sml-layout":"","theme-transparent-header-meta":"default","adv-header-id-meta":"","stick-header-meta":"","header-above-stick-meta":"","header-main-stick-meta":"","header-below-stick-meta":"","astra-migrate-meta-layouts":"set","ast-page-background-enabled":"default","ast-page-background-meta":{"desktop":{"background-color":"var(--ast-global-color-5)","background-image":"","background-repeat":"repeat","background-position":"center center","background-size":"auto","background-attachment":"scroll","background-type":"","background-media":"","overlay-type":"","overlay-color":"","overlay-opacity":"","overlay-gradient":""},"tablet":{"background-color":"","background-image":"","background-repeat":"repeat","background-position":"center center","background-size":"auto","background-attachment":"scroll","background-type":"","background-media":"","overlay-type":"","overlay-color":"","overlay-opacity":"","overlay-gradient":""},"mobile":{"background-color":"","background-image":"","background-repeat":"repeat","background-position":"center center","background-size":"auto","background-attachment":"scroll","background-type":"","background-media":"","overlay-type":"","overlay-color":"","overlay-opacity":"","overlay-gradient":""}},"ast-content-background-meta":{"desktop":{"background-color":"var(--ast-global-color-4)","background-image":"","background-repeat":"repeat","background-position":"center center","background-size":"auto","background-attachment":"scroll","background-type":"","background-media":"","overlay-type":"","overlay-color":"","overlay-opacity":"","overlay-gradient":""},"tablet":{"background-color":"var(--ast-global-color-4)","background-image":"","background-repeat":"repeat","background-position":"center center","background-size":"auto","background-attachment":"scroll","background-type":"","background-media":"","overlay-type":"","overlay-color":"","overlay-opacity":"","overlay-gradient":""},"mobile":{"background-color":"var(--ast-global-color-4)","background-image":"","background-repeat":"repeat","background-position":"center center","background-size":"auto","background-attachment":"scroll","background-type":"","background-media":"","overlay-type":"","overlay-color":"","overlay-opacity":"","overlay-gradient":""}}},"product_brand":[],"product_cat":[163,15,165],"product_tag":[],"class_list":{"0":"post-21540","1":"product","2":"type-product","3":"status-publish","4":"has-post-thumbnail","6":"product_cat-klader-for-man","7":"product_cat-okategoriserade","8":"product_cat-skor-accessoarer","9":"desktop-align-left","10":"tablet-align-left","11":"mobile-align-left","13":"first","14":"instock","15":"shipping-taxable","16":"purchasable","17":"product-type-variable"},"yoast_head":"<!-- This site is optimized with the Yoast SEO plugin v26.6 - https:\/\/yoast.com\/wordpress\/plugins\/seo\/ -->\n<title>Graverat Japanskt Halsband - TokyoName SE<\/title>\n<meta name=\"robots\" content=\"index, follow, max-snippet:-1, max-image-preview:large, max-video-preview:-1\" \/>\n<link rel=\"canonical\" href=\"https:\/\/tokyoname.com\/se\/produkt\/graverat-japanskt-halsband\/\" \/>\n<meta property=\"og:locale\" content=\"sv_SE\" \/>\n<meta property=\"og:type\" content=\"article\" \/>\n<meta property=\"og:title\" content=\"Graverat Japanskt Halsband - TokyoName SE\" \/>\n<meta property=\"og:description\" content=\"\u2728 Stilrent japanskt halsband med personlig gravering\ud83d\udee1\ufe0f Slitstarkt &amp; vattenresistent material\ud83c\udf81 Perfekt som personlig present\" \/>\n<meta property=\"og:url\" content=\"https:\/\/tokyoname.com\/se\/produkt\/graverat-japanskt-halsband\/\" \/>\n<meta property=\"og:site_name\" content=\"TokyoName SE\" \/>\n<meta property=\"article:modified_time\" content=\"2026-04-16T13:28:40+00:00\" \/>\n<meta property=\"og:image\" content=\"https:\/\/tokyoname.com\/se\/wp-content\/uploads\/sites\/15\/2026\/04\/Collier-prenom-japonais-katakana-kanji.jpg\" \/>\n\t<meta property=\"og:image:width\" content=\"1588\" \/>\n\t<meta property=\"og:image:height\" content=\"1588\" \/>\n\t<meta property=\"og:image:type\" content=\"image\/jpeg\" \/>\n<meta name=\"twitter:card\" content=\"summary_large_image\" \/>\n<meta name=\"twitter:label1\" content=\"Ber\u00e4knad l\u00e4stid\" \/>\n\t<meta name=\"twitter:data1\" content=\"2 minuter\" \/>\n<script type=\"application\/ld+json\" class=\"yoast-schema-graph\">{\"@context\":\"https:\/\/schema.org\",\"@graph\":[{\"@type\":\"WebPage\",\"@id\":\"https:\/\/tokyoname.com\/se\/produkt\/graverat-japanskt-halsband\/\",\"url\":\"https:\/\/tokyoname.com\/se\/produkt\/graverat-japanskt-halsband\/\",\"name\":\"Graverat Japanskt Halsband - TokyoName SE\",\"isPartOf\":{\"@id\":\"https:\/\/tokyoname.com\/se\/#website\"},\"primaryImageOfPage\":{\"@id\":\"https:\/\/tokyoname.com\/se\/produkt\/graverat-japanskt-halsband\/#primaryimage\"},\"image\":{\"@id\":\"https:\/\/tokyoname.com\/se\/produkt\/graverat-japanskt-halsband\/#primaryimage\"},\"thumbnailUrl\":\"https:\/\/tokyoname.com\/se\/wp-content\/uploads\/sites\/15\/2026\/04\/Collier-prenom-japonais-katakana-kanji.jpg\",\"datePublished\":\"2026-04-01T06:05:53+00:00\",\"dateModified\":\"2026-04-16T13:28:40+00:00\",\"breadcrumb\":{\"@id\":\"https:\/\/tokyoname.com\/se\/produkt\/graverat-japanskt-halsband\/#breadcrumb\"},\"inLanguage\":\"sv-SE\",\"potentialAction\":[{\"@type\":\"ReadAction\",\"target\":[\"https:\/\/tokyoname.com\/se\/produkt\/graverat-japanskt-halsband\/\"]}]},{\"@type\":\"ImageObject\",\"inLanguage\":\"sv-SE\",\"@id\":\"https:\/\/tokyoname.com\/se\/produkt\/graverat-japanskt-halsband\/#primaryimage\",\"url\":\"https:\/\/tokyoname.com\/se\/wp-content\/uploads\/sites\/15\/2026\/04\/Collier-prenom-japonais-katakana-kanji.jpg\",\"contentUrl\":\"https:\/\/tokyoname.com\/se\/wp-content\/uploads\/sites\/15\/2026\/04\/Collier-prenom-japonais-katakana-kanji.jpg\",\"width\":1588,\"height\":1588},{\"@type\":\"BreadcrumbList\",\"@id\":\"https:\/\/tokyoname.com\/se\/produkt\/graverat-japanskt-halsband\/#breadcrumb\",\"itemListElement\":[{\"@type\":\"ListItem\",\"position\":1,\"name\":\"Home\",\"item\":\"https:\/\/tokyoname.com\/se\/\"},{\"@type\":\"ListItem\",\"position\":2,\"name\":\"Butik\",\"item\":\"https:\/\/tokyoname.com\/se\/butik\/\"},{\"@type\":\"ListItem\",\"position\":3,\"name\":\"Graverat Japanskt Halsband\"}]},{\"@type\":\"WebSite\",\"@id\":\"https:\/\/tokyoname.com\/se\/#website\",\"url\":\"https:\/\/tokyoname.com\/se\/\",\"name\":\"TokyoName SE\",\"description\":\"\",\"publisher\":{\"@id\":\"https:\/\/tokyoname.com\/se\/#organization\"},\"potentialAction\":[{\"@type\":\"SearchAction\",\"target\":{\"@type\":\"EntryPoint\",\"urlTemplate\":\"https:\/\/tokyoname.com\/se\/?s={search_term_string}\"},\"query-input\":{\"@type\":\"PropertyValueSpecification\",\"valueRequired\":true,\"valueName\":\"search_term_string\"}}],\"inLanguage\":\"sv-SE\"},{\"@type\":\"Organization\",\"@id\":\"https:\/\/tokyoname.com\/se\/#organization\",\"name\":\"Mekulo\",\"url\":\"https:\/\/tokyoname.com\/se\/\",\"logo\":{\"@type\":\"ImageObject\",\"inLanguage\":\"sv-SE\",\"@id\":\"https:\/\/tokyoname.com\/se\/#\/schema\/logo\/image\/\",\"url\":\"https:\/\/tokyoname.com\/template\/wp-content\/uploads\/sites\/15\/2025\/12\/favicon_mekulo.png\",\"contentUrl\":\"https:\/\/tokyoname.com\/template\/wp-content\/uploads\/sites\/15\/2025\/12\/favicon_mekulo.png\",\"width\":50,\"height\":50,\"caption\":\"Mekulo\"},\"image\":{\"@id\":\"https:\/\/tokyoname.com\/se\/#\/schema\/logo\/image\/\"}}]}<\/script>\n<!-- \/ Yoast SEO plugin. -->","yoast_head_json":{"title":"Graverat Japanskt Halsband - TokyoName SE","robots":{"index":"index","follow":"follow","max-snippet":"max-snippet:-1","max-image-preview":"max-image-preview:large","max-video-preview":"max-video-preview:-1"},"canonical":"https:\/\/tokyoname.com\/se\/produkt\/graverat-japanskt-halsband\/","og_locale":"sv_SE","og_type":"article","og_title":"Graverat Japanskt Halsband - TokyoName SE","og_description":"\u2728 Stilrent japanskt halsband med personlig gravering\ud83d\udee1\ufe0f Slitstarkt &amp; vattenresistent material\ud83c\udf81 Perfekt som personlig present","og_url":"https:\/\/tokyoname.com\/se\/produkt\/graverat-japanskt-halsband\/","og_site_name":"TokyoName SE","article_modified_time":"2026-04-16T13:28:40+00:00","og_image":[{"width":1588,"height":1588,"url":"https:\/\/tokyoname.com\/se\/wp-content\/uploads\/sites\/15\/2026\/04\/Collier-prenom-japonais-katakana-kanji.jpg","type":"image\/jpeg"}],"twitter_card":"summary_large_image","twitter_misc":{"Ber\u00e4knad l\u00e4stid":"2 minuter"},"schema":{"@context":"https:\/\/schema.org","@graph":[{"@type":"WebPage","@id":"https:\/\/tokyoname.com\/se\/produkt\/graverat-japanskt-halsband\/","url":"https:\/\/tokyoname.com\/se\/produkt\/graverat-japanskt-halsband\/","name":"Graverat Japanskt Halsband - TokyoName SE","isPartOf":{"@id":"https:\/\/tokyoname.com\/se\/#website"},"primaryImageOfPage":{"@id":"https:\/\/tokyoname.com\/se\/produkt\/graverat-japanskt-halsband\/#primaryimage"},"image":{"@id":"https:\/\/tokyoname.com\/se\/produkt\/graverat-japanskt-halsband\/#primaryimage"},"thumbnailUrl":"https:\/\/tokyoname.com\/se\/wp-content\/uploads\/sites\/15\/2026\/04\/Collier-prenom-japonais-katakana-kanji.jpg","datePublished":"2026-04-01T06:05:53+00:00","dateModified":"2026-04-16T13:28:40+00:00","breadcrumb":{"@id":"https:\/\/tokyoname.com\/se\/produkt\/graverat-japanskt-halsband\/#breadcrumb"},"inLanguage":"sv-SE","potentialAction":[{"@type":"ReadAction","target":["https:\/\/tokyoname.com\/se\/produkt\/graverat-japanskt-halsband\/"]}]},{"@type":"ImageObject","inLanguage":"sv-SE","@id":"https:\/\/tokyoname.com\/se\/produkt\/graverat-japanskt-halsband\/#primaryimage","url":"https:\/\/tokyoname.com\/se\/wp-content\/uploads\/sites\/15\/2026\/04\/Collier-prenom-japonais-katakana-kanji.jpg","contentUrl":"https:\/\/tokyoname.com\/se\/wp-content\/uploads\/sites\/15\/2026\/04\/Collier-prenom-japonais-katakana-kanji.jpg","width":1588,"height":1588},{"@type":"BreadcrumbList","@id":"https:\/\/tokyoname.com\/se\/produkt\/graverat-japanskt-halsband\/#breadcrumb","itemListElement":[{"@type":"ListItem","position":1,"name":"Home","item":"https:\/\/tokyoname.com\/se\/"},{"@type":"ListItem","position":2,"name":"Butik","item":"https:\/\/tokyoname.com\/se\/butik\/"},{"@type":"ListItem","position":3,"name":"Graverat Japanskt Halsband"}]},{"@type":"WebSite","@id":"https:\/\/tokyoname.com\/se\/#website","url":"https:\/\/tokyoname.com\/se\/","name":"TokyoName SE","description":"","publisher":{"@id":"https:\/\/tokyoname.com\/se\/#organization"},"potentialAction":[{"@type":"SearchAction","target":{"@type":"EntryPoint","urlTemplate":"https:\/\/tokyoname.com\/se\/?s={search_term_string}"},"query-input":{"@type":"PropertyValueSpecification","valueRequired":true,"valueName":"search_term_string"}}],"inLanguage":"sv-SE"},{"@type":"Organization","@id":"https:\/\/tokyoname.com\/se\/#organization","name":"Mekulo","url":"https:\/\/tokyoname.com\/se\/","logo":{"@type":"ImageObject","inLanguage":"sv-SE","@id":"https:\/\/tokyoname.com\/se\/#\/schema\/logo\/image\/","url":"https:\/\/tokyoname.com\/template\/wp-content\/uploads\/sites\/15\/2025\/12\/favicon_mekulo.png","contentUrl":"https:\/\/tokyoname.com\/template\/wp-content\/uploads\/sites\/15\/2025\/12\/favicon_mekulo.png","width":50,"height":50,"caption":"Mekulo"},"image":{"@id":"https:\/\/tokyoname.com\/se\/#\/schema\/logo\/image\/"}}]}},"_links":{"self":[{"href":"https:\/\/tokyoname.com\/se\/wp-json\/wp\/v2\/product\/21540","targetHints":{"allow":["GET"]}}],"collection":[{"href":"https:\/\/tokyoname.com\/se\/wp-json\/wp\/v2\/product"}],"about":[{"href":"https:\/\/tokyoname.com\/se\/wp-json\/wp\/v2\/types\/product"}],"replies":[{"embeddable":true,"href":"https:\/\/tokyoname.com\/se\/wp-json\/wp\/v2\/comments?post=21540"}],"wp:featuredmedia":[{"embeddable":true,"href":"https:\/\/tokyoname.com\/se\/wp-json\/wp\/v2\/media\/21551"}],"wp:attachment":[{"href":"https:\/\/tokyoname.com\/se\/wp-json\/wp\/v2\/media?parent=21540"}],"wp:term":[{"taxonomy":"product_brand","embeddable":true,"href":"https:\/\/tokyoname.com\/se\/wp-json\/wp\/v2\/product_brand?post=21540"},{"taxonomy":"product_cat","embeddable":true,"href":"https:\/\/tokyoname.com\/se\/wp-json\/wp\/v2\/product_cat?post=21540"},{"taxonomy":"product_tag","embeddable":true,"href":"https:\/\/tokyoname.com\/se\/wp-json\/wp\/v2\/product_tag?post=21540"}],"curies":[{"name":"wp","href":"https:\/\/api.w.org\/{rel}","templated":true}]}}